{"id":1135,"date":"2015-04-14T10:13:09","date_gmt":"2015-04-14T10:13:09","guid":{"rendered":"https:\/\/demo.smw-services.com\/startseite\/"},"modified":"2024-05-02T07:32:06","modified_gmt":"2024-05-02T07:32:06","slug":"startseite","status":"publish","type":"page","link":"https:\/\/smw-services.com\/de\/","title":{"rendered":"Startseite"},"content":{"rendered":"<div id=\"pl-1135\"  class=\"panel-layout\" ><div id=\"pg-1135-0\"  class=\"panel-grid panel-no-style\" ><div id=\"pgc-1135-0-0\"  class=\"panel-grid-cell panel-grid-cell-mobile-last\" ><div id=\"panel-1135-0-0-0\" class=\"so-panel widget widget_black-studio-tinymce widget_black_studio_tinymce panel-first-child\" data-index=\"0\" ><div class=\"widget-title--big panel-widget-style panel-widget-style-for-1135-0-0-0\" ><h3 class=\"widget-title\"><span class=\"widget-title__inline\">Reparatur- und Instandhaltungsarbeiten an G\u00fcterwaggons<\/span><\/h3><div class=\"textwidget\"><span style=\"font-family: verdana, geneva, sans-serif;\">Bei SMW befassen sich unsere Mechaniker t\u00e4glich mit der Instandhaltung von G\u00fcterwaggons. Von drei Niederlassungen und mehreren mobilen Werkst\u00e4tten aus bedienen wir die gesamten Benelux-L\u00e4nder. SMW tr\u00e4gt zur Verringerung der Ausfallzeiten von G\u00fcterwagen bei, indem es seine Kunden entlastet. Dies wird durch die Anwendung der Prinzipien \u201eFirst-time-right\u201c und \u201eOne-stop-shopping\u201c erreicht<\/span><\/div><\/div><\/div><div id=\"panel-1135-0-0-1\" class=\"so-panel widget widget_black-studio-tinymce widget_black_studio_tinymce\" data-index=\"1\" ><div class=\"widget-title--big panel-widget-style panel-widget-style-for-1135-0-0-1\" ><h3 class=\"widget-title\"><span class=\"widget-title__inline\">Dienstleistungen<\/span><\/h3><div class=\"textwidget\"><span style=\"font-family: verdana, geneva, sans-serif;\">SMW arbeitet in voller \u00dcbereinstimmung mit den Anforderungen seiner Kunden und kann schnell und flexibel auf ihre spezifischen Bed\u00fcrfnisse reagieren. Wir wissen, dass ungenutzte Waggons definitiv nicht zur Rentabilit\u00e4t, Kundenorientierung und Effizienz des Unternehmens beitragen.<\/span><\/div><\/div><\/div><div id=\"panel-1135-0-0-2\" class=\"so-panel widget widget_sow-button panel-last-child\" data-index=\"2\" ><div\n\t\t\t\n\t\t\tclass=\"so-widget-sow-button so-widget-sow-button-flat-7a1322df2e13-1135\"\n\t\t\t\n\t\t><div class=\"ow-button-base ow-button-align-left\"\n>\n\t\t\t<a\n\t\t\t\t\thref=\"https:\/\/smw-services.com\/over-ons\/\"\n\t\t\t\t\tclass=\"sowb-button ow-icon-placement-left ow-button-hover\" \t>\n\t\t<span>\n\t\t\t\n\t\t\tWeitere Informationen\t\t<\/span>\n\t\t\t<\/a>\n\t<\/div>\n<\/div><\/div><\/div><div id=\"pgc-1135-0-1\"  class=\"panel-grid-cell panel-grid-cell-empty\" ><\/div><\/div><div id=\"pg-1135-1\"  class=\"panel-grid panel-has-style\" ><div class=\"siteorigin-panels-stretch panel-row-style panel-row-style-for-1135-1\" data-stretch-type=\"full\" ><div id=\"pgc-1135-1-0\"  class=\"panel-grid-cell\" ><div id=\"panel-1135-1-0-0\" class=\"so-panel widget widget_black-studio-tinymce widget_black_studio_tinymce panel-first-child panel-last-child\" data-index=\"3\" ><div class=\"panel-widget-style panel-widget-style-for-1135-1-0-0\" ><h3 class=\"widget-title\"><span class=\"widget-title__inline\">SMW-Filialen<\/span><\/h3><div class=\"textwidget\"><\/div><\/div><\/div><\/div><\/div><\/div><div id=\"pg-1135-2\"  class=\"panel-grid panel-has-style\" ><div class=\"siteorigin-panels-stretch panel-row-style panel-row-style-for-1135-2\" data-stretch-type=\"full\" ><div id=\"pgc-1135-2-0\"  class=\"panel-grid-cell\" ><div id=\"panel-1135-2-0-0\" class=\"so-panel widget widget_black-studio-tinymce widget_black_studio_tinymce panel-first-child panel-last-child\" data-index=\"4\" ><div class=\"panel-widget-style panel-widget-style-for-1135-2-0-0\" ><h3 class=\"widget-title\"><span class=\"widget-title__inline\">Rotterdam<\/span><\/h3><div class=\"textwidget\"><p><span style=\"font-family: verdana, geneva, sans-serif;\">T\u00e4glich fahren Servicebusse von Rotterdam aus, um Wartungsarbeiten an den Gleisen durchzuf\u00fchren. SMW Rotterdam verf\u00fcgt \u00fcber vier Servicebusse und drei Dienstwagen. Das Lager von SMW befindet sich ebenfalls in Rotterdam. 50% der Teile sind hier vorr\u00e4tig und k\u00f6nnen vom mobilen Service direkt mitgenommen und noch am selben Tag eingebaut\/ausgetauscht werden.<\/span><\/p>\n<\/div><\/div><\/div><\/div><div id=\"pgc-1135-2-1\"  class=\"panel-grid-cell panel-grid-cell-mobile-last\" ><div id=\"panel-1135-2-1-0\" class=\"so-panel widget widget_black-studio-tinymce widget_black_studio_tinymce panel-first-child panel-last-child\" data-index=\"5\" ><div class=\"panel-widget-style panel-widget-style-for-1135-2-1-0\" ><h3 class=\"widget-title\"><span class=\"widget-title__inline\">Venlo<\/span><\/h3><div class=\"textwidget\"><p><span style=\"font-family: verdana, geneva, sans-serif;\">Im Jahr 2014 wurde eine Niederlassung in Venlo er\u00f6ffnet. Von der Niederlassung in Venlo aus werden alle Wartungsarbeiten in der Region Venlo und Ruhrgebiet durchgef\u00fchrt.<\/span><\/p>\n<\/div><\/div><\/div><\/div><div id=\"pgc-1135-2-2\"  class=\"panel-grid-cell panel-grid-cell-empty\" ><\/div><\/div><\/div><div id=\"pg-1135-3\"  class=\"panel-grid panel-no-style\" ><div id=\"pgc-1135-3-0\"  class=\"panel-grid-cell\" ><div id=\"panel-1135-3-0-0\" class=\"so-panel widget widget_black-studio-tinymce widget_black_studio_tinymce panel-first-child\" data-index=\"6\" ><h3 class=\"widget-title\"><span class=\"widget-title__inline\">Mobiler Vor-Ort-Service<\/span><\/h3><div class=\"textwidget\"><p><span style=\"font-family: verdana, geneva, sans-serif;\">Um Ihnen als Kunden den bestm\u00f6glichen Service zu bieten, bieten wir diesen mobilen Service vor Ort an. Mit unserem modern ausgestatteten Servicemobil kommen wir ganz bequem zu Ihnen ins Haus. Praktisch, wenn Sie Zeit sparen und Ihr Fahrzeug sofort f\u00fcr den Transport vorbereiten lassen wollen. Viele Unternehmen in den Benelux-L\u00e4ndern machen bereits intensiv von unserem Service Gebrauch.<\/span><\/p>\n<\/div><\/div><div id=\"panel-1135-3-0-1\" class=\"so-panel widget widget_sow-button panel-last-child\" data-index=\"7\" ><div\n\t\t\t\n\t\t\tclass=\"so-widget-sow-button so-widget-sow-button-flat-7a1322df2e13-1135\"\n\t\t\t\n\t\t><div class=\"ow-button-base ow-button-align-left\"\n>\n\t\t\t<a\n\t\t\t\t\thref=\"https:\/\/smw-services.com\/mobiel\/\"\n\t\t\t\t\tclass=\"sowb-button ow-icon-placement-left ow-button-hover\" \t>\n\t\t<span>\n\t\t\t\n\t\t\tWeitere Informationen\t\t<\/span>\n\t\t\t<\/a>\n\t<\/div>\n<\/div><\/div><\/div><div id=\"pgc-1135-3-1\"  class=\"panel-grid-cell\" ><div id=\"panel-1135-3-1-0\" class=\"so-panel widget widget_media_image panel-first-child panel-last-child\" data-index=\"8\" ><img loading=\"lazy\" decoding=\"async\" width=\"300\" height=\"281\" src=\"https:\/\/smw-services.com\/wp-content\/uploads\/2024\/04\/SMW-bus-3-300x281.png\" class=\"image wp-image-803  attachment-medium size-medium\" alt=\"\" style=\"max-width: 100%; height: auto;\" srcset=\"https:\/\/smw-services.com\/wp-content\/uploads\/2024\/04\/SMW-bus-3-300x281.png 300w, https:\/\/smw-services.com\/wp-content\/uploads\/2024\/04\/SMW-bus-3-1024x960.png 1024w, https:\/\/smw-services.com\/wp-content\/uploads\/2024\/04\/SMW-bus-3-768x720.png 768w, https:\/\/smw-services.com\/wp-content\/uploads\/2024\/04\/SMW-bus-3.png 1368w\" sizes=\"auto, (max-width: 300px) 100vw, 300px\" \/><\/div><\/div><\/div><\/div>","protected":false},"excerpt":{"rendered":"<p>Bei SMW befassen sich unsere Mechaniker t\u00e4glich mit der Instandhaltung von G\u00fcterwaggons. Von drei Niederlassungen und mehreren mobilen Werkst\u00e4tten aus bedienen wir die gesamten Benelux-L\u00e4nder. SMW tr\u00e4gt zur Verringerung der Ausfallzeiten von G\u00fcterwagen bei, indem es seine Kunden entlastet. Dies wird durch die Anwendung der Prinzipien \u201eFirst-time-right\u201c und \u201eOne-stop-shopping\u201c erreicht SMW arbeitet in voller \u00dcbereinstimmung &hellip;<\/p>\n","protected":false},"author":1,"featured_media":0,"parent":0,"menu_order":0,"comment_status":"closed","ping_status":"closed","template":"template-front-page-slider.php","meta":{"_acf_changed":false,"footnotes":""},"class_list":["post-1135","page","type-page","status-publish","hentry"],"acf":[],"_links":{"self":[{"href":"https:\/\/smw-services.com\/de\/wp-json\/wp\/v2\/pages\/1135","targetHints":{"allow":["GET"]}}],"collection":[{"href":"https:\/\/smw-services.com\/de\/wp-json\/wp\/v2\/pages"}],"about":[{"href":"https:\/\/smw-services.com\/de\/wp-json\/wp\/v2\/types\/page"}],"author":[{"embeddable":true,"href":"https:\/\/smw-services.com\/de\/wp-json\/wp\/v2\/users\/1"}],"replies":[{"embeddable":true,"href":"https:\/\/smw-services.com\/de\/wp-json\/wp\/v2\/comments?post=1135"}],"version-history":[{"count":5,"href":"https:\/\/smw-services.com\/de\/wp-json\/wp\/v2\/pages\/1135\/revisions"}],"predecessor-version":[{"id":1172,"href":"https:\/\/smw-services.com\/de\/wp-json\/wp\/v2\/pages\/1135\/revisions\/1172"}],"wp:attachment":[{"href":"https:\/\/smw-services.com\/de\/wp-json\/wp\/v2\/media?parent=1135"}],"curies":[{"name":"wp","href":"https:\/\/api.w.org\/{rel}","templated":true}]}}